{"id":208723,"date":"2024-05-22T12:50:06","date_gmt":"2024-05-22T12:50:06","guid":{"rendered":"https:\/\/topchiro.no\/?page_id=208723"},"modified":"2024-08-23T07:42:03","modified_gmt":"2024-08-23T07:42:03","slug":"international","status":"publish","type":"page","link":"https:\/\/topchiro.no\/en\/international\/","title":{"rendered":"International"},"content":{"rendered":"<div data-elementor-type=\"wp-page\" data-elementor-id=\"208723\" class=\"elementor elementor-208723\" data-elementor-post-type=\"page\">\n\t\t\t\t\t\t<section class=\"elementor-section elementor-top-section elementor-element elementor-element-6adca43 elementor-section-boxed elementor-section-height-default elementor-section-height-default\" data-id=\"6adca43\" data-element_type=\"section\" data-e-type=\"section\" data-settings=\"{&quot;background_background&quot;:&quot;classic&quot;}\">\n\t\t\t\t\t\t\t<div class=\"elementor-background-overlay\"><\/div>\n\t\t\t\t\t\t\t<div class=\"elementor-container elementor-column-gap-default\">\n\t\t\t\t\t<div class=\"elementor-column elementor-col-100 elementor-top-column elementor-element elementor-element-15fbaf0\" data-id=\"15fbaf0\" data-element_type=\"column\" data-e-type=\"column\">\n\t\t\t<div class=\"elementor-widget-wrap elementor-element-populated\">\n\t\t\t\t\t\t\t<\/div>\n\t\t<\/div>\n\t\t\t\t\t<\/div>\n\t\t<\/section>\n\t\t\t\t<section class=\"elementor-section elementor-top-section elementor-element elementor-element-20adb21 elementor-section-boxed elementor-section-height-default elementor-section-height-default\" data-id=\"20adb21\" data-element_type=\"section\" data-e-type=\"section\">\n\t\t\t\t\t\t<div class=\"elementor-container elementor-column-gap-default\">\n\t\t\t\t\t<div class=\"elementor-column elementor-col-100 elementor-top-column elementor-element elementor-element-49d2eb7\" data-id=\"49d2eb7\" data-element_type=\"column\" data-e-type=\"column\">\n\t\t\t<div class=\"elementor-widget-wrap elementor-element-populated\">\n\t\t\t\t\t\t<section class=\"elementor-section elementor-inner-section elementor-element elementor-element-92477df elementor-section-boxed elementor-section-height-default elementor-section-height-default\" data-id=\"92477df\" data-element_type=\"section\" data-e-type=\"section\">\n\t\t\t\t\t\t<div class=\"elementor-container elementor-column-gap-default\">\n\t\t\t\t\t<div class=\"elementor-column elementor-col-100 elementor-inner-column elementor-element elementor-element-1ca4a18\" data-id=\"1ca4a18\" data-element_type=\"column\" data-e-type=\"column\">\n\t\t\t<div class=\"elementor-widget-wrap elementor-element-populated\">\n\t\t\t\t\t\t<div class=\"elementor-element elementor-element-a739465 elementor-widget elementor-widget-heading\" data-id=\"a739465\" data-element_type=\"widget\" data-e-type=\"widget\" data-widget_type=\"heading.default\">\n\t\t\t\t<div class=\"elementor-widget-container\">\n\t\t\t\t\t<h2 class=\"elementor-heading-title elementor-size-default\">TOPCHIRO International<\/h2>\t\t\t\t<\/div>\n\t\t\t\t<\/div>\n\t\t\t\t\t<\/div>\n\t\t<\/div>\n\t\t\t\t\t<\/div>\n\t\t<\/section>\n\t\t\t\t<section class=\"elementor-section elementor-inner-section elementor-element elementor-element-471e5bf elementor-section-boxed elementor-section-height-default elementor-section-height-default\" data-id=\"471e5bf\" data-element_type=\"section\" data-e-type=\"section\">\n\t\t\t\t\t\t<div class=\"elementor-container elementor-column-gap-default\">\n\t\t\t\t\t<div class=\"elementor-column elementor-col-33 elementor-inner-column elementor-element elementor-element-dcf1f07\" data-id=\"dcf1f07\" data-element_type=\"column\" data-e-type=\"column\">\n\t\t\t<div class=\"elementor-widget-wrap elementor-element-populated\">\n\t\t\t\t\t\t<div class=\"elementor-element elementor-element-b9a5b44 elementor-widget elementor-widget-image\" data-id=\"b9a5b44\" data-element_type=\"widget\" data-e-type=\"widget\" data-widget_type=\"image.default\">\n\t\t\t\t<div class=\"elementor-widget-container\">\n\t\t\t\t\t\t\t\t\t\t\t\t\t\t\t<img fetchpriority=\"high\" decoding=\"async\" width=\"2560\" height=\"1684\" src=\"https:\/\/topchiro.no\/wp-content\/uploads\/2024\/01\/dreamstimemaximum_93678344-scaled.jpg\" class=\"attachment-full size-full wp-image-223938\" alt=\"\" srcset=\"https:\/\/topchiro.no\/wp-content\/uploads\/2024\/01\/dreamstimemaximum_93678344-scaled.jpg 2560w, https:\/\/topchiro.no\/wp-content\/uploads\/2024\/01\/dreamstimemaximum_93678344-300x197.jpg 300w, https:\/\/topchiro.no\/wp-content\/uploads\/2024\/01\/dreamstimemaximum_93678344-1024x674.jpg 1024w, https:\/\/topchiro.no\/wp-content\/uploads\/2024\/01\/dreamstimemaximum_93678344-768x505.jpg 768w, https:\/\/topchiro.no\/wp-content\/uploads\/2024\/01\/dreamstimemaximum_93678344-1536x1011.jpg 1536w, https:\/\/topchiro.no\/wp-content\/uploads\/2024\/01\/dreamstimemaximum_93678344-2048x1348.jpg 2048w, https:\/\/topchiro.no\/wp-content\/uploads\/2024\/01\/dreamstimemaximum_93678344-18x12.jpg 18w\" sizes=\"(max-width: 2560px) 100vw, 2560px\" \/>\t\t\t\t\t\t\t\t\t\t\t\t\t\t\t<\/div>\n\t\t\t\t<\/div>\n\t\t\t\t<div class=\"elementor-element elementor-element-ba12a1b elementor-widget elementor-widget-heading\" data-id=\"ba12a1b\" data-element_type=\"widget\" data-e-type=\"widget\" data-widget_type=\"heading.default\">\n\t\t\t\t<div class=\"elementor-widget-container\">\n\t\t\t\t\t<h2 class=\"elementor-heading-title elementor-size-default\">TOPCHIRO Netherlands<\/h2>\t\t\t\t<\/div>\n\t\t\t\t<\/div>\n\t\t\t\t<div class=\"elementor-element elementor-element-7cab06f custom_el_button elementor-widget elementor-widget-button\" data-id=\"7cab06f\" data-element_type=\"widget\" data-e-type=\"widget\" data-widget_type=\"button.default\">\n\t\t\t\t<div class=\"elementor-widget-container\">\n\t\t\t\t\t\t\t\t\t<div class=\"elementor-button-wrapper\">\n\t\t\t\t\t<a class=\"elementor-button elementor-button-link elementor-size-sm\" href=\"https:\/\/topchiro.nl\/\" target=\"_blank\">\n\t\t\t\t\t\t<span class=\"elementor-button-content-wrapper\">\n\t\t\t\t\t\t\t\t\t<span class=\"elementor-button-text\">Visit TOPCHIRO NL<\/span>\n\t\t\t\t\t<\/span>\n\t\t\t\t\t<\/a>\n\t\t\t\t<\/div>\n\t\t\t\t\t\t\t\t<\/div>\n\t\t\t\t<\/div>\n\t\t\t\t\t<\/div>\n\t\t<\/div>\n\t\t\t\t<div class=\"elementor-column elementor-col-33 elementor-inner-column elementor-element elementor-element-0f80fef\" data-id=\"0f80fef\" data-element_type=\"column\" data-e-type=\"column\">\n\t\t\t<div class=\"elementor-widget-wrap elementor-element-populated\">\n\t\t\t\t\t\t<div class=\"elementor-element elementor-element-58f917d elementor-widget elementor-widget-image\" data-id=\"58f917d\" data-element_type=\"widget\" data-e-type=\"widget\" data-widget_type=\"image.default\">\n\t\t\t\t<div class=\"elementor-widget-container\">\n\t\t\t\t\t\t\t\t\t\t\t\t\t\t\t<img decoding=\"async\" width=\"2560\" height=\"1689\" src=\"https:\/\/topchiro.no\/wp-content\/uploads\/2024\/01\/dreamstimemaximum_106393561-scaled.jpg\" class=\"attachment-full size-full wp-image-223955\" alt=\"\" srcset=\"https:\/\/topchiro.no\/wp-content\/uploads\/2024\/01\/dreamstimemaximum_106393561-scaled.jpg 2560w, https:\/\/topchiro.no\/wp-content\/uploads\/2024\/01\/dreamstimemaximum_106393561-300x198.jpg 300w, https:\/\/topchiro.no\/wp-content\/uploads\/2024\/01\/dreamstimemaximum_106393561-1024x676.jpg 1024w, https:\/\/topchiro.no\/wp-content\/uploads\/2024\/01\/dreamstimemaximum_106393561-768x507.jpg 768w, https:\/\/topchiro.no\/wp-content\/uploads\/2024\/01\/dreamstimemaximum_106393561-1536x1014.jpg 1536w, https:\/\/topchiro.no\/wp-content\/uploads\/2024\/01\/dreamstimemaximum_106393561-2048x1351.jpg 2048w, https:\/\/topchiro.no\/wp-content\/uploads\/2024\/01\/dreamstimemaximum_106393561-18x12.jpg 18w\" sizes=\"(max-width: 2560px) 100vw, 2560px\" \/>\t\t\t\t\t\t\t\t\t\t\t\t\t\t\t<\/div>\n\t\t\t\t<\/div>\n\t\t\t\t<div class=\"elementor-element elementor-element-8afa21b elementor-widget elementor-widget-heading\" data-id=\"8afa21b\" data-element_type=\"widget\" data-e-type=\"widget\" data-widget_type=\"heading.default\">\n\t\t\t\t<div class=\"elementor-widget-container\">\n\t\t\t\t\t<h2 class=\"elementor-heading-title elementor-size-default\">TOPCHIRO UK<\/h2>\t\t\t\t<\/div>\n\t\t\t\t<\/div>\n\t\t\t\t<div class=\"elementor-element elementor-element-865278a custom_el_button elementor-widget elementor-widget-button\" data-id=\"865278a\" data-element_type=\"widget\" data-e-type=\"widget\" data-widget_type=\"button.default\">\n\t\t\t\t<div class=\"elementor-widget-container\">\n\t\t\t\t\t\t\t\t\t<div class=\"elementor-button-wrapper\">\n\t\t\t\t\t<a class=\"elementor-button elementor-button-link elementor-size-sm\" href=\"https:\/\/www.topchiropractic.co.uk\/\" target=\"_blank\">\n\t\t\t\t\t\t<span class=\"elementor-button-content-wrapper\">\n\t\t\t\t\t\t\t\t\t<span class=\"elementor-button-text\">Visit TOPCHIRO UK<\/span>\n\t\t\t\t\t<\/span>\n\t\t\t\t\t<\/a>\n\t\t\t\t<\/div>\n\t\t\t\t\t\t\t\t<\/div>\n\t\t\t\t<\/div>\n\t\t\t\t\t<\/div>\n\t\t<\/div>\n\t\t\t\t<div class=\"elementor-column elementor-col-33 elementor-inner-column elementor-element elementor-element-2c94366\" data-id=\"2c94366\" data-element_type=\"column\" data-e-type=\"column\">\n\t\t\t<div class=\"elementor-widget-wrap elementor-element-populated\">\n\t\t\t\t\t\t<div class=\"elementor-element elementor-element-2b24093 elementor-widget elementor-widget-image\" data-id=\"2b24093\" data-element_type=\"widget\" data-e-type=\"widget\" data-widget_type=\"image.default\">\n\t\t\t\t<div class=\"elementor-widget-container\">\n\t\t\t\t\t\t\t\t\t\t\t\t\t\t\t<img decoding=\"async\" width=\"2560\" height=\"1630\" src=\"https:\/\/topchiro.no\/wp-content\/uploads\/2024\/01\/dreamstimemaximum_100457396-scaled.jpg\" class=\"attachment-full size-full wp-image-223952\" alt=\"\" srcset=\"https:\/\/topchiro.no\/wp-content\/uploads\/2024\/01\/dreamstimemaximum_100457396-scaled.jpg 2560w, https:\/\/topchiro.no\/wp-content\/uploads\/2024\/01\/dreamstimemaximum_100457396-300x191.jpg 300w, https:\/\/topchiro.no\/wp-content\/uploads\/2024\/01\/dreamstimemaximum_100457396-1024x652.jpg 1024w, https:\/\/topchiro.no\/wp-content\/uploads\/2024\/01\/dreamstimemaximum_100457396-768x489.jpg 768w, https:\/\/topchiro.no\/wp-content\/uploads\/2024\/01\/dreamstimemaximum_100457396-1536x978.jpg 1536w, https:\/\/topchiro.no\/wp-content\/uploads\/2024\/01\/dreamstimemaximum_100457396-2048x1304.jpg 2048w, https:\/\/topchiro.no\/wp-content\/uploads\/2024\/01\/dreamstimemaximum_100457396-18x12.jpg 18w\" sizes=\"(max-width: 2560px) 100vw, 2560px\" \/>\t\t\t\t\t\t\t\t\t\t\t\t\t\t\t<\/div>\n\t\t\t\t<\/div>\n\t\t\t\t<div class=\"elementor-element elementor-element-bc563b7 elementor-widget elementor-widget-heading\" data-id=\"bc563b7\" data-element_type=\"widget\" data-e-type=\"widget\" data-widget_type=\"heading.default\">\n\t\t\t\t<div class=\"elementor-widget-container\">\n\t\t\t\t\t<h2 class=\"elementor-heading-title elementor-size-default\">TOPCHIRO Italy<\/h2>\t\t\t\t<\/div>\n\t\t\t\t<\/div>\n\t\t\t\t<div class=\"elementor-element elementor-element-f95466d custom_el_button elementor-widget elementor-widget-button\" data-id=\"f95466d\" data-element_type=\"widget\" data-e-type=\"widget\" data-widget_type=\"button.default\">\n\t\t\t\t<div class=\"elementor-widget-container\">\n\t\t\t\t\t\t\t\t\t<div class=\"elementor-button-wrapper\">\n\t\t\t\t\t<a class=\"elementor-button elementor-button-link elementor-size-sm\" href=\"https:\/\/topchiro.it\/\" target=\"_blank\">\n\t\t\t\t\t\t<span class=\"elementor-button-content-wrapper\">\n\t\t\t\t\t\t\t\t\t<span class=\"elementor-button-text\">Visit TOPCHIRO IT<\/span>\n\t\t\t\t\t<\/span>\n\t\t\t\t\t<\/a>\n\t\t\t\t<\/div>\n\t\t\t\t\t\t\t\t<\/div>\n\t\t\t\t<\/div>\n\t\t\t\t\t<\/div>\n\t\t<\/div>\n\t\t\t\t\t<\/div>\n\t\t<\/section>\n\t\t\t\t<section class=\"elementor-section elementor-inner-section elementor-element elementor-element-9c1bb25 elementor-section-boxed elementor-section-height-default elementor-section-height-default\" data-id=\"9c1bb25\" data-element_type=\"section\" data-e-type=\"section\">\n\t\t\t\t\t\t<div class=\"elementor-container elementor-column-gap-default\">\n\t\t\t\t\t<div class=\"elementor-column elementor-col-33 elementor-inner-column elementor-element elementor-element-37d6010\" data-id=\"37d6010\" data-element_type=\"column\" data-e-type=\"column\">\n\t\t\t<div class=\"elementor-widget-wrap elementor-element-populated\">\n\t\t\t\t\t\t<div class=\"elementor-element elementor-element-ab74ae0 elementor-widget elementor-widget-image\" data-id=\"ab74ae0\" data-element_type=\"widget\" data-e-type=\"widget\" data-widget_type=\"image.default\">\n\t\t\t\t<div class=\"elementor-widget-container\">\n\t\t\t\t\t\t\t\t\t\t\t\t\t\t\t<img loading=\"lazy\" decoding=\"async\" width=\"2560\" height=\"1885\" src=\"https:\/\/topchiro.no\/wp-content\/uploads\/2024\/01\/dreamstimemaximum_59645806-scaled.jpg\" class=\"attachment-full size-full wp-image-223932\" alt=\"\" srcset=\"https:\/\/topchiro.no\/wp-content\/uploads\/2024\/01\/dreamstimemaximum_59645806-scaled.jpg 2560w, https:\/\/topchiro.no\/wp-content\/uploads\/2024\/01\/dreamstimemaximum_59645806-300x221.jpg 300w, https:\/\/topchiro.no\/wp-content\/uploads\/2024\/01\/dreamstimemaximum_59645806-1024x754.jpg 1024w, https:\/\/topchiro.no\/wp-content\/uploads\/2024\/01\/dreamstimemaximum_59645806-768x566.jpg 768w, https:\/\/topchiro.no\/wp-content\/uploads\/2024\/01\/dreamstimemaximum_59645806-1536x1131.jpg 1536w, https:\/\/topchiro.no\/wp-content\/uploads\/2024\/01\/dreamstimemaximum_59645806-2048x1508.jpg 2048w, https:\/\/topchiro.no\/wp-content\/uploads\/2024\/01\/dreamstimemaximum_59645806-16x12.jpg 16w\" sizes=\"(max-width: 2560px) 100vw, 2560px\" \/>\t\t\t\t\t\t\t\t\t\t\t\t\t\t\t<\/div>\n\t\t\t\t<\/div>\n\t\t\t\t<div class=\"elementor-element elementor-element-14fd1b1 elementor-widget elementor-widget-heading\" data-id=\"14fd1b1\" data-element_type=\"widget\" data-e-type=\"widget\" data-widget_type=\"heading.default\">\n\t\t\t\t<div class=\"elementor-widget-container\">\n\t\t\t\t\t<h2 class=\"elementor-heading-title elementor-size-default\">TOPCHIRO Canada<\/h2>\t\t\t\t<\/div>\n\t\t\t\t<\/div>\n\t\t\t\t<div class=\"elementor-element elementor-element-09c48f6 custom_el_button elementor-widget elementor-widget-button\" data-id=\"09c48f6\" data-element_type=\"widget\" data-e-type=\"widget\" data-widget_type=\"button.default\">\n\t\t\t\t<div class=\"elementor-widget-container\">\n\t\t\t\t\t\t\t\t\t<div class=\"elementor-button-wrapper\">\n\t\t\t\t\t<a class=\"elementor-button elementor-button-link elementor-size-sm\" href=\"https:\/\/www.topchiro.ca\/\" target=\"_blank\">\n\t\t\t\t\t\t<span class=\"elementor-button-content-wrapper\">\n\t\t\t\t\t\t\t\t\t<span class=\"elementor-button-text\">Visit TOPCHIRO CA<\/span>\n\t\t\t\t\t<\/span>\n\t\t\t\t\t<\/a>\n\t\t\t\t<\/div>\n\t\t\t\t\t\t\t\t<\/div>\n\t\t\t\t<\/div>\n\t\t\t\t\t<\/div>\n\t\t<\/div>\n\t\t\t\t<div class=\"elementor-column elementor-col-33 elementor-inner-column elementor-element elementor-element-268fac7\" data-id=\"268fac7\" data-element_type=\"column\" data-e-type=\"column\">\n\t\t\t<div class=\"elementor-widget-wrap elementor-element-populated\">\n\t\t\t\t\t\t<div class=\"elementor-element elementor-element-de8cffe elementor-widget elementor-widget-image\" data-id=\"de8cffe\" data-element_type=\"widget\" data-e-type=\"widget\" data-widget_type=\"image.default\">\n\t\t\t\t<div class=\"elementor-widget-container\">\n\t\t\t\t\t\t\t\t\t\t\t\t\t\t\t<img loading=\"lazy\" decoding=\"async\" width=\"800\" height=\"395\" src=\"https:\/\/topchiro.no\/wp-content\/uploads\/2024\/01\/dreamstimemaximum_42754703-1024x506.jpg\" class=\"attachment-large size-large wp-image-223921\" alt=\"\" srcset=\"https:\/\/topchiro.no\/wp-content\/uploads\/2024\/01\/dreamstimemaximum_42754703-1024x506.jpg 1024w, https:\/\/topchiro.no\/wp-content\/uploads\/2024\/01\/dreamstimemaximum_42754703-300x148.jpg 300w, https:\/\/topchiro.no\/wp-content\/uploads\/2024\/01\/dreamstimemaximum_42754703-768x379.jpg 768w, https:\/\/topchiro.no\/wp-content\/uploads\/2024\/01\/dreamstimemaximum_42754703-1536x758.jpg 1536w, https:\/\/topchiro.no\/wp-content\/uploads\/2024\/01\/dreamstimemaximum_42754703-2048x1011.jpg 2048w, https:\/\/topchiro.no\/wp-content\/uploads\/2024\/01\/dreamstimemaximum_42754703-18x9.jpg 18w\" sizes=\"(max-width: 800px) 100vw, 800px\" \/>\t\t\t\t\t\t\t\t\t\t\t\t\t\t\t<\/div>\n\t\t\t\t<\/div>\n\t\t\t\t<div class=\"elementor-element elementor-element-6d68252 elementor-widget elementor-widget-heading\" data-id=\"6d68252\" data-element_type=\"widget\" data-e-type=\"widget\" data-widget_type=\"heading.default\">\n\t\t\t\t<div class=\"elementor-widget-container\">\n\t\t\t\t\t<h2 class=\"elementor-heading-title elementor-size-default\">TOPCHIRO Cyprus<\/h2>\t\t\t\t<\/div>\n\t\t\t\t<\/div>\n\t\t\t\t<div class=\"elementor-element elementor-element-970b4e4 custom_el_button elementor-widget elementor-widget-button\" data-id=\"970b4e4\" data-element_type=\"widget\" data-e-type=\"widget\" data-widget_type=\"button.default\">\n\t\t\t\t<div class=\"elementor-widget-container\">\n\t\t\t\t\t\t\t\t\t<div class=\"elementor-button-wrapper\">\n\t\t\t\t\t<a class=\"elementor-button elementor-button-link elementor-size-sm\" href=\"https:\/\/topchirocy.com\/\" target=\"_blank\">\n\t\t\t\t\t\t<span class=\"elementor-button-content-wrapper\">\n\t\t\t\t\t\t\t\t\t<span class=\"elementor-button-text\">Visit TOPCHIRO CY<\/span>\n\t\t\t\t\t<\/span>\n\t\t\t\t\t<\/a>\n\t\t\t\t<\/div>\n\t\t\t\t\t\t\t\t<\/div>\n\t\t\t\t<\/div>\n\t\t\t\t\t<\/div>\n\t\t<\/div>\n\t\t\t\t<div class=\"elementor-column elementor-col-33 elementor-inner-column elementor-element elementor-element-3d9c658\" data-id=\"3d9c658\" data-element_type=\"column\" data-e-type=\"column\">\n\t\t\t<div class=\"elementor-widget-wrap\">\n\t\t\t\t\t\t\t<\/div>\n\t\t<\/div>\n\t\t\t\t\t<\/div>\n\t\t<\/section>\n\t\t\t\t\t<\/div>\n\t\t<\/div>\n\t\t\t\t\t<\/div>\n\t\t<\/section>\n\t\t\t\t<\/div>","protected":false},"excerpt":{"rendered":"<p>TOPCHIRO International TOPCHIRO Nederland Bes\u00f8k TOPCHIRO NL TOPCHIRO UK Bes\u00f8k TOPCHIRO UK TOPCHIRO Italia Bes\u00f8k TOPCHIRO IT TOPCHIRO Canada Bes\u00f8k TOPCHIRO CA TOPCHIRO Kypros Bes\u00f8k TOPCHIRO CY<\/p>","protected":false},"author":6,"featured_media":0,"parent":0,"menu_order":0,"comment_status":"closed","ping_status":"closed","template":"","meta":{"_acf_changed":false,"_seopress_robots_primary_cat":"","_seopress_titles_title":"","_seopress_titles_desc":"","_seopress_robots_index":"","footnotes":""},"class_list":["post-208723","page","type-page","status-publish","hentry"],"acf":[],"_links":{"self":[{"href":"https:\/\/topchiro.no\/en\/wp-json\/wp\/v2\/pages\/208723","targetHints":{"allow":["GET"]}}],"collection":[{"href":"https:\/\/topchiro.no\/en\/wp-json\/wp\/v2\/pages"}],"about":[{"href":"https:\/\/topchiro.no\/en\/wp-json\/wp\/v2\/types\/page"}],"author":[{"embeddable":true,"href":"https:\/\/topchiro.no\/en\/wp-json\/wp\/v2\/users\/6"}],"replies":[{"embeddable":true,"href":"https:\/\/topchiro.no\/en\/wp-json\/wp\/v2\/comments?post=208723"}],"version-history":[{"count":3,"href":"https:\/\/topchiro.no\/en\/wp-json\/wp\/v2\/pages\/208723\/revisions"}],"predecessor-version":[{"id":230217,"href":"https:\/\/topchiro.no\/en\/wp-json\/wp\/v2\/pages\/208723\/revisions\/230217"}],"wp:attachment":[{"href":"https:\/\/topchiro.no\/en\/wp-json\/wp\/v2\/media?parent=208723"}],"curies":[{"name":"wp","href":"https:\/\/api.w.org\/{rel}","templated":true}]}}