{"id":49998,"date":"2021-04-26T11:42:58","date_gmt":"2021-04-26T11:42:58","guid":{"rendered":"https:\/\/topchiro.no\/?page_id=49998"},"modified":"2024-01-04T09:30:27","modified_gmt":"2024-01-04T09:30:27","slug":"rights-and-obligations","status":"publish","type":"page","link":"https:\/\/topchiro.no\/en\/rights-and-obligations\/","title":{"rendered":"Rights and obligations"},"content":{"rendered":"<div data-elementor-type=\"wp-page\" data-elementor-id=\"49998\" class=\"elementor elementor-49998\" data-elementor-post-type=\"page\">\n\t\t\t\t\t\t<section class=\"elementor-section elementor-top-section elementor-element elementor-element-44e097a elementor-section-stretched elementor-section-boxed elementor-section-height-default elementor-section-height-default\" data-id=\"44e097a\" data-element_type=\"section\" data-e-type=\"section\" data-settings=\"{&quot;stretch_section&quot;:&quot;section-stretched&quot;}\">\n\t\t\t\t\t\t<div class=\"elementor-container elementor-column-gap-default\">\n\t\t\t\t\t<div class=\"elementor-column elementor-col-100 elementor-top-column elementor-element elementor-element-3575e11\" data-id=\"3575e11\" data-element_type=\"column\" data-e-type=\"column\">\n\t\t\t<div class=\"elementor-widget-wrap elementor-element-populated\">\n\t\t\t\t\t\t<div class=\"elementor-element elementor-element-9ce5721 elementor-widget elementor-widget-spacer\" data-id=\"9ce5721\" data-element_type=\"widget\" data-e-type=\"widget\" data-widget_type=\"spacer.default\">\n\t\t\t\t<div class=\"elementor-widget-container\">\n\t\t\t\t\t\t\t<div class=\"elementor-spacer\">\n\t\t\t<div class=\"elementor-spacer-inner\"><\/div>\n\t\t<\/div>\n\t\t\t\t\t\t<\/div>\n\t\t\t\t<\/div>\n\t\t\t\t<div class=\"elementor-element elementor-element-09c100f elementor-widget elementor-widget-heading\" data-id=\"09c100f\" data-element_type=\"widget\" data-e-type=\"widget\" data-widget_type=\"heading.default\">\n\t\t\t\t<div class=\"elementor-widget-container\">\n\t\t\t\t\t<h2 class=\"elementor-heading-title elementor-size-default\">Legge sul contratto di trattamento medico<\/h2>\t\t\t\t<\/div>\n\t\t\t\t<\/div>\n\t\t\t\t<div class=\"elementor-element elementor-element-44289e0 elementor-widget elementor-widget-text-editor\" data-id=\"44289e0\" data-element_type=\"widget\" data-e-type=\"widget\" data-widget_type=\"text-editor.default\">\n\t\t\t\t<div class=\"elementor-widget-container\">\n\t\t\t\t\t\t\t\t\t<p>La legge sul contratto di trattamento medico descrive i diritti e i doveri dei clienti in ambito sanitario.<\/p>\t\t\t\t\t\t\t\t<\/div>\n\t\t\t\t<\/div>\n\t\t\t\t<div class=\"elementor-element elementor-element-ecf47bc elementor-widget elementor-widget-text-editor\" data-id=\"ecf47bc\" data-element_type=\"widget\" data-e-type=\"widget\" data-widget_type=\"text-editor.default\">\n\t\t\t\t<div class=\"elementor-widget-container\">\n\t\t\t\t\t\t\t\t\t<p>Il WGBO \u00e8 importante per chiunque abbia a che fare con l&#8217;assistenza medica. Quando un chiropratico visita o tratta un cliente, viene stipulato un accordo di trattamento medico. La legge mira a rafforzare la posizione dei clienti che necessitano di cure mediche.<\/p>\t\t\t\t\t\t\t\t<\/div>\n\t\t\t\t<\/div>\n\t\t\t\t<div class=\"elementor-element elementor-element-639a4ed elementor-widget elementor-widget-text-editor\" data-id=\"639a4ed\" data-element_type=\"widget\" data-e-type=\"widget\" data-widget_type=\"text-editor.default\">\n\t\t\t\t<div class=\"elementor-widget-container\">\n\t\t\t\t\t\t\t\t\t<p>Lo studio TOPCHIRO, in quanto fornitore di servizi sanitari, \u00e8 vincolato da questo accordo. Per questo motivo vorremmo spiegare un po&#8217; meglio queste regole.<\/p>\t\t\t\t\t\t\t\t<\/div>\n\t\t\t\t<\/div>\n\t\t\t\t<div class=\"elementor-element elementor-element-bd8c2e1 elementor-widget elementor-widget-heading\" data-id=\"bd8c2e1\" data-element_type=\"widget\" data-e-type=\"widget\" data-widget_type=\"heading.default\">\n\t\t\t\t<div class=\"elementor-widget-container\">\n\t\t\t\t\t<h2 class=\"elementor-heading-title elementor-size-default\">Diritti: Cosa regola il WGBO \n<\/h2>\t\t\t\t<\/div>\n\t\t\t\t<\/div>\n\t\t\t\t<div class=\"elementor-element elementor-element-e36dcb2 elementor-widget elementor-widget-text-editor\" data-id=\"e36dcb2\" data-element_type=\"widget\" data-e-type=\"widget\" data-widget_type=\"text-editor.default\">\n\t\t\t\t<div class=\"elementor-widget-container\">\n\t\t\t\t\t\t\t\t\t<div class=\"wpb_text_column wpb_content_element\"><div class=\"wpb_wrapper\"><p>(Cliccare sui link sottostanti per maggiori informazioni)<\/p><\/div><\/div>\t\t\t\t\t\t\t\t<\/div>\n\t\t\t\t<\/div>\n\t\t\t\t<div class=\"elementor-element elementor-element-851c89a elementor-widget elementor-widget-text-editor\" data-id=\"851c89a\" data-element_type=\"widget\" data-e-type=\"widget\" data-widget_type=\"text-editor.default\">\n\t\t\t\t<div class=\"elementor-widget-container\">\n\t\t\t\t\t\t\t\t\t<ul>\n \t<li><a href=\"https:\/\/www.rijksoverheid.nl\/onderwerpen\/rechten-van-patient-en-privacy\/uw-medisch-dossier\/wie-mag-mijn-medisch-dossier-inzien\">Accesso alle cartelle cliniche<\/a><\/li>\n \t<li><a href=\"https:\/\/www.rijksoverheid.nl\/documenten\/kamerstukken\/2019\/02\/18\/beantwoording-kamervragen-over-privacyregels\">Il diritto alla privacy e alla riservatezza dei dati medici (segreto professionale)<\/a><\/li>\n \t<li><a href=\"https:\/\/www.rijksoverheid.nl\/onderwerpen\/rechten-van-patient-en-privacy\/rechten-bij-een-medische-behandeling\/heb-ik-invloed-op-mijn-medische-behandeling\">Rappresentare i pazienti che non possono decidere da soli<\/a><\/li>\n<\/ul>\t\t\t\t\t\t\t\t<\/div>\n\t\t\t\t<\/div>\n\t\t\t\t\t<\/div>\n\t\t<\/div>\n\t\t\t\t\t<\/div>\n\t\t<\/section>\n\t\t\t\t<section class=\"elementor-section elementor-top-section elementor-element elementor-element-655698a elementor-section-stretched elementor-section-boxed elementor-section-height-default elementor-section-height-default\" data-id=\"655698a\" data-element_type=\"section\" data-e-type=\"section\" data-settings=\"{&quot;stretch_section&quot;:&quot;section-stretched&quot;}\">\n\t\t\t\t\t\t<div class=\"elementor-container elementor-column-gap-default\">\n\t\t\t\t\t<div class=\"elementor-column elementor-col-50 elementor-top-column elementor-element elementor-element-ab4ade9 animated-slow elementor-invisible\" data-id=\"ab4ade9\" data-element_type=\"column\" data-e-type=\"column\" data-settings=\"{&quot;animation&quot;:&quot;slideInLeft&quot;}\">\n\t\t\t<div class=\"elementor-widget-wrap elementor-element-populated\">\n\t\t\t\t\t\t<div class=\"elementor-element elementor-element-b116fde elementor-widget elementor-widget-heading\" data-id=\"b116fde\" data-element_type=\"widget\" data-e-type=\"widget\" data-widget_type=\"heading.default\">\n\t\t\t\t<div class=\"elementor-widget-container\">\n\t\t\t\t\t<h2 class=\"elementor-heading-title elementor-size-default\">Mansioni: Cosa deve fare il cliente\n<\/h2>\t\t\t\t<\/div>\n\t\t\t\t<\/div>\n\t\t\t\t<div class=\"elementor-element elementor-element-60267cc elementor-widget elementor-widget-text-editor\" data-id=\"60267cc\" data-element_type=\"widget\" data-e-type=\"widget\" data-widget_type=\"text-editor.default\">\n\t\t\t\t<div class=\"elementor-widget-container\">\n\t\t\t\t\t\t\t\t\t<p data-css=\"tve-u-1628c2296bc\">Oltre ai diritti, i clienti hanno anche dei doveri:<\/p>\t\t\t\t\t\t\t\t<\/div>\n\t\t\t\t<\/div>\n\t\t\t\t<div class=\"elementor-element elementor-element-0d98fde elementor-widget elementor-widget-text-editor\" data-id=\"0d98fde\" data-element_type=\"widget\" data-e-type=\"widget\" data-widget_type=\"text-editor.default\">\n\t\t\t\t<div class=\"elementor-widget-container\">\n\t\t\t\t\t\t\t\t\t<ul class=\"\"><li class=\"\" data-css=\"tve-u-1628c2296bf\"><p>il cliente deve fornire all&#8217;operatore sanitario informazioni corrette, oneste e complete sui suoi problemi.<\/p><p>Con le informazioni giuste, l&#8217;operatore sanitario pu\u00f2 fare una diagnosi pi\u00f9 rapida e migliore e fornire un&#8217;assistenza migliore. Il cliente deve collaborare e seguire il pi\u00f9 possibile i consigli dell&#8217;operatore sanitario.<\/p><\/li><\/ul>\t\t\t\t\t\t\t\t<\/div>\n\t\t\t\t<\/div>\n\t\t\t\t\t<\/div>\n\t\t<\/div>\n\t\t\t\t<div class=\"elementor-column elementor-col-50 elementor-top-column elementor-element elementor-element-b1d7a31 elementor-invisible\" data-id=\"b1d7a31\" data-element_type=\"column\" data-e-type=\"column\" data-settings=\"{&quot;animation&quot;:&quot;slideInRight&quot;}\">\n\t\t\t<div class=\"elementor-widget-wrap elementor-element-populated\">\n\t\t\t\t\t\t<div class=\"elementor-element elementor-element-ab362cf elementor-widget elementor-widget-heading\" data-id=\"ab362cf\" data-element_type=\"widget\" data-e-type=\"widget\" data-widget_type=\"heading.default\">\n\t\t\t\t<div class=\"elementor-widget-container\">\n\t\t\t\t\t<h2 class=\"elementor-heading-title elementor-size-default\">Domande: Contattateci\n\n<\/h2>\t\t\t\t<\/div>\n\t\t\t\t<\/div>\n\t\t\t\t<div class=\"elementor-element elementor-element-c51c901 elementor-widget elementor-widget-text-editor\" data-id=\"c51c901\" data-element_type=\"widget\" data-e-type=\"widget\" data-widget_type=\"text-editor.default\">\n\t\t\t\t<div class=\"elementor-widget-container\">\n\t\t\t\t\t\t\t\t\t<p>Il WGBO mira a migliorare la qualit\u00e0 dell&#8217;assistenza nei Paesi Bassi. In TOPCHIRO lavoriamo sempre per migliorare le nostre cure!<\/p>\t\t\t\t\t\t\t\t<\/div>\n\t\t\t\t<\/div>\n\t\t\t\t<div class=\"elementor-element elementor-element-fc66deb elementor-widget elementor-widget-text-editor\" data-id=\"fc66deb\" data-element_type=\"widget\" data-e-type=\"widget\" data-widget_type=\"text-editor.default\">\n\t\t\t\t<div class=\"elementor-widget-container\">\n\t\t\t\t\t\t\t\t\t<p>Potete quindi sempre contattarci per domande riguardanti, ad esempio, il WGBO, ma naturalmente anche per tutte le altre questioni che riguardano la vostra salute.<\/p>\t\t\t\t\t\t\t\t<\/div>\n\t\t\t\t<\/div>\n\t\t\t\t\t<\/div>\n\t\t<\/div>\n\t\t\t\t\t<\/div>\n\t\t<\/section>\n\t\t\t\t<\/div>","protected":false},"excerpt":{"rendered":"<p>Legge sul contratto di trattamento medico La legge sul contratto di trattamento medico descrive i diritti e i doveri dei clienti in ambito sanitario. Il WGBO \u00e8 importante per chiunque abbia a che fare con l&#8217;assistenza medica. Quando un chiropratico visita o tratta un cliente, viene stipulato un accordo di trattamento medico. La legge mira [&hellip;]<\/p>\n","protected":false},"author":6,"featured_media":49959,"parent":0,"menu_order":0,"comment_status":"closed","ping_status":"closed","template":"","meta":{"_acf_changed":false,"_seopress_robots_primary_cat":"","_seopress_titles_title":"","_seopress_titles_desc":"","_seopress_robots_index":"","footnotes":""},"class_list":["post-49998","page","type-page","status-publish","has-post-thumbnail","hentry"],"acf":[],"_links":{"self":[{"href":"https:\/\/topchiro.no\/en\/wp-json\/wp\/v2\/pages\/49998","targetHints":{"allow":["GET"]}}],"collection":[{"href":"https:\/\/topchiro.no\/en\/wp-json\/wp\/v2\/pages"}],"about":[{"href":"https:\/\/topchiro.no\/en\/wp-json\/wp\/v2\/types\/page"}],"author":[{"embeddable":true,"href":"https:\/\/topchiro.no\/en\/wp-json\/wp\/v2\/users\/6"}],"replies":[{"embeddable":true,"href":"https:\/\/topchiro.no\/en\/wp-json\/wp\/v2\/comments?post=49998"}],"version-history":[{"count":3,"href":"https:\/\/topchiro.no\/en\/wp-json\/wp\/v2\/pages\/49998\/revisions"}],"predecessor-version":[{"id":182970,"href":"https:\/\/topchiro.no\/en\/wp-json\/wp\/v2\/pages\/49998\/revisions\/182970"}],"wp:featuredmedia":[{"embeddable":true,"href":"https:\/\/topchiro.no\/en\/wp-json\/"}],"wp:attachment":[{"href":"https:\/\/topchiro.no\/en\/wp-json\/wp\/v2\/media?parent=49998"}],"curies":[{"name":"wp","href":"https:\/\/api.w.org\/{rel}","templated":true}]}}