{"id":55899,"date":"2022-04-08T12:31:02","date_gmt":"2022-04-08T12:31:02","guid":{"rendered":"https:\/\/topchiro.no\/?page_id=55899"},"modified":"2024-07-07T18:07:02","modified_gmt":"2024-07-07T18:07:02","slug":"privacy-policy-2","status":"publish","type":"page","link":"https:\/\/topchiro.no\/en\/privacy-policy-2\/","title":{"rendered":"Privacy policy"},"content":{"rendered":"<div data-elementor-type=\"wp-page\" data-elementor-id=\"55899\" class=\"elementor elementor-55899\" data-elementor-post-type=\"page\">\n\t\t\t\t\t\t<section class=\"elementor-section elementor-top-section elementor-element elementor-element-39fd2991 elementor-section-boxed elementor-section-height-default elementor-section-height-default\" data-id=\"39fd2991\" data-element_type=\"section\" data-e-type=\"section\">\n\t\t\t\t\t\t<div class=\"elementor-container elementor-column-gap-default\">\n\t\t\t\t\t<div class=\"elementor-column elementor-col-100 elementor-top-column elementor-element elementor-element-1b677bb9\" data-id=\"1b677bb9\" data-element_type=\"column\" data-e-type=\"column\">\n\t\t\t<div class=\"elementor-widget-wrap\">\n\t\t\t\t\t\t\t<\/div>\n\t\t<\/div>\n\t\t\t\t\t<\/div>\n\t\t<\/section>\n\t\t\t\t<section class=\"elementor-section elementor-top-section elementor-element elementor-element-e057241 elementor-section-boxed elementor-section-height-default elementor-section-height-default\" data-id=\"e057241\" data-element_type=\"section\" data-e-type=\"section\">\n\t\t\t\t\t\t<div class=\"elementor-container elementor-column-gap-default\">\n\t\t\t\t\t<div class=\"elementor-column elementor-col-100 elementor-top-column elementor-element elementor-element-591c62f\" data-id=\"591c62f\" data-element_type=\"column\" data-e-type=\"column\">\n\t\t\t<div class=\"elementor-widget-wrap elementor-element-populated\">\n\t\t\t\t\t\t<div class=\"elementor-element elementor-element-30ef271 elementor-widget elementor-widget-spacer\" data-id=\"30ef271\" data-element_type=\"widget\" data-e-type=\"widget\" data-widget_type=\"spacer.default\">\n\t\t\t\t<div class=\"elementor-widget-container\">\n\t\t\t\t\t\t\t<div class=\"elementor-spacer\">\n\t\t\t<div class=\"elementor-spacer-inner\"><\/div>\n\t\t<\/div>\n\t\t\t\t\t\t<\/div>\n\t\t\t\t<\/div>\n\t\t\t\t<div class=\"elementor-element elementor-element-7ef963f elementor-widget__width-initial elementor-widget elementor-widget-text-editor\" data-id=\"7ef963f\" data-element_type=\"widget\" data-e-type=\"widget\" data-widget_type=\"text-editor.default\">\n\t\t\t\t<div class=\"elementor-widget-container\">\n\t\t\t\t\t\t\t\t\t<p>I TOPCHIRO er vi opptatt av \u00e5 beskytte ditt personvern og dine personopplysninger. Vi overholder regelverket fastsatt av Datatilsynet i Norge og Personvernforordningen (GDPR). Denne personvernerkl\u00e6ringen beskriver hvordan vi samler inn, bruker, deler og lagrer dine personopplysninger n\u00e5r du benytter deg av v\u00e5re kiropraktortjenester.<\/p><p><strong>Informasjon Vi Samler Inn:<\/strong><\/p><ul><li>Personopplysninger som navn, kontaktinformasjon og n\u00f8dvendig medisinsk historie.<\/li><li>Helseopplysninger relevant for din kiropraktiske omsorg.<\/li><li>Betalingsopplysninger for faktureringsform\u00e5l.<\/li><li>All kommunikasjon mellom deg og v\u00e5rt kiropraktiske team.<\/li><\/ul><div>\u00a0<\/div><p><strong>Hvordan Vi Bruker Din Informasjon:<\/strong><\/p><ul><li>For \u00e5 gi deg trygg og effektiv kiropraktisk omsorg.<\/li><li>Til intern dokumentbehandling og faktureringsform\u00e5l.<\/li><li>For \u00e5 kommunisere med deg om dine avtaler og omsorgsplaner.<\/li><li>For \u00e5 overholde juridiske og regulatoriske krav.<\/li><\/ul><div>\u00a0<\/div><p><strong>Deling av Informasjon:<\/strong><\/p><ul><li>Vi selger ikke eller deler dine personopplysninger med tredjeparter uten ditt samtykke, med mindre det kreves ved lov.<\/li><li>Vi kan dele n\u00f8dvendig informasjon med andre helsepersonell involvert i behandlingen din med ditt eksplisitte samtykke.<\/li><\/ul><div>\u00a0<\/div><p><strong>Datasikkerhet:<\/strong><\/p><ul><li>Vi implementerer egnede tiltak for \u00e5 beskytte dine personopplysninger mot uautorisert tilgang, avsl\u00f8ring, endring eller \u00f8deleggelse.<\/li><li>V\u00e5rt personale er oppl\u00e6rt i datasikkerhet og personvernbestemmelser for \u00e5 sikre at informasjonen din er beskyttet.<\/li><\/ul><div>\u00a0<\/div><p><strong>Dine Rettigheter:<\/strong><\/p><ul><li>Du har rett til \u00e5 f\u00e5 tilgang til, korrigere eller be om sletting av dine personopplysninger.<\/li><li>Du kan trekke tilbake samtykket til behandling av dine data n\u00e5r som helst, der det er relevant.<\/li><li>Du kan be om en kopi av informasjonen vi har om deg.<\/li><\/ul><div>\u00a0<\/div><p>Ved \u00e5 benytte deg av v\u00e5re kiropraktortjenester samtykker du til innsamling og bruk av dine personopplysninger som beskrevet i denne personvernerkl\u00e6ringen. Hvis du har sp\u00f8rsm\u00e5l eller bekymringer om ditt personvern, vennligst kontakt oss p\u00e5 info@topchiro.no.<\/p>\t\t\t\t\t\t\t\t<\/div>\n\t\t\t\t<\/div>\n\t\t\t\t\t<\/div>\n\t\t<\/div>\n\t\t\t\t\t<\/div>\n\t\t<\/section>\n\t\t\t\t<\/div>","protected":false},"excerpt":{"rendered":"<p>I TOPCHIRO er vi opptatt av \u00e5 beskytte ditt personvern og dine personopplysninger. Vi overholder regelverket fastsatt av Datatilsynet i Norge og Personvernforordningen (GDPR). Denne personvernerkl\u00e6ringen beskriver hvordan vi samler inn, bruker, deler og lagrer dine personopplysninger n\u00e5r du benytter deg av v\u00e5re kiropraktortjenester. Informasjon Vi Samler Inn: Personopplysninger som navn, kontaktinformasjon og n\u00f8dvendig medisinsk [&hellip;]<\/p>","protected":false},"author":6,"featured_media":0,"parent":0,"menu_order":0,"comment_status":"closed","ping_status":"closed","template":"","meta":{"_acf_changed":false,"_seopress_robots_primary_cat":"","_seopress_titles_title":"","_seopress_titles_desc":"","_seopress_robots_index":"","footnotes":""},"class_list":["post-55899","page","type-page","status-publish","hentry"],"acf":[],"_links":{"self":[{"href":"https:\/\/topchiro.no\/en\/wp-json\/wp\/v2\/pages\/55899","targetHints":{"allow":["GET"]}}],"collection":[{"href":"https:\/\/topchiro.no\/en\/wp-json\/wp\/v2\/pages"}],"about":[{"href":"https:\/\/topchiro.no\/en\/wp-json\/wp\/v2\/types\/page"}],"author":[{"embeddable":true,"href":"https:\/\/topchiro.no\/en\/wp-json\/wp\/v2\/users\/6"}],"replies":[{"embeddable":true,"href":"https:\/\/topchiro.no\/en\/wp-json\/wp\/v2\/comments?post=55899"}],"version-history":[{"count":3,"href":"https:\/\/topchiro.no\/en\/wp-json\/wp\/v2\/pages\/55899\/revisions"}],"predecessor-version":[{"id":219244,"href":"https:\/\/topchiro.no\/en\/wp-json\/wp\/v2\/pages\/55899\/revisions\/219244"}],"wp:attachment":[{"href":"https:\/\/topchiro.no\/en\/wp-json\/wp\/v2\/media?parent=55899"}],"curies":[{"name":"wp","href":"https:\/\/api.w.org\/{rel}","templated":true}]}}